{"id":2270,"date":"2021-10-08T10:23:48","date_gmt":"2021-10-08T10:23:48","guid":{"rendered":"https:\/\/menditzurooms.com\/condiciones-de-la-reserva\/"},"modified":"2024-11-29T10:18:28","modified_gmt":"2024-11-29T09:18:28","slug":"conditions-de-reservation","status":"publish","type":"page","link":"https:\/\/petitbiniaraix.com\/fr\/conditions-de-reservation\/","title":{"rendered":"Conditions de r\u00e9servation"},"content":{"rendered":"\t\t<div data-elementor-type=\"wp-page\" data-elementor-id=\"2270\" class=\"elementor elementor-2270 elementor-2254\">\n\t\t\t\t\t\t\t\t\t<section class=\"elementor-section elementor-top-section elementor-element elementor-element-a85d1c7 elementor-section-full_width elementor-section-height-min-height elementor-section-height-default elementor-section-items-middle\" data-id=\"a85d1c7\" data-element_type=\"section\" data-settings=\"{&quot;background_background&quot;:&quot;classic&quot;}\">\n\t\t\t\t\t\t\t<div class=\"elementor-background-overlay\"><\/div>\n\t\t\t\t\t\t\t<div class=\"elementor-container elementor-column-gap-default\">\n\t\t\t\t\t<div class=\"elementor-column elementor-col-100 elementor-top-column elementor-element elementor-element-76bf1ae\" data-id=\"76bf1ae\" data-element_type=\"column\" data-settings=\"{&quot;background_background&quot;:&quot;classic&quot;}\">\n\t\t\t<div class=\"elementor-widget-wrap elementor-element-populated\">\n\t\t\t\t\t\t\t\t<div class=\"elementor-element elementor-element-2802eef elementor-widget elementor-widget-heading\" data-id=\"2802eef\" data-element_type=\"widget\" data-widget_type=\"heading.default\">\n\t\t\t\t<div class=\"elementor-widget-container\">\n\t\t\t<div class=\"elementor-heading-title elementor-size-default\">R\u00c9SERVATION DE CHAMBRES \u00c0 PETIT BINIARAIX ROOMS BOUTIQUE<\/div>\t\t<\/div>\n\t\t\t\t<\/div>\n\t\t\t\t<div class=\"elementor-element elementor-element-62e6dc1 elementor-widget elementor-widget-heading\" data-id=\"62e6dc1\" data-element_type=\"widget\" data-widget_type=\"heading.default\">\n\t\t\t\t<div class=\"elementor-widget-container\">\n\t\t\t<h2 class=\"elementor-heading-title elementor-size-default\">Conditions de r\u00e9serve<\/h2>\t\t<\/div>\n\t\t\t\t<\/div>\n\t\t\t\t\t<\/div>\n\t\t<\/div>\n\t\t\t\t\t\t\t<\/div>\n\t\t<\/section>\n\t\t\t\t<section class=\"elementor-section elementor-top-section elementor-element elementor-element-32cab2a elementor-section-full_width elementor-section-height-default elementor-section-height-default\" data-id=\"32cab2a\" data-element_type=\"section\">\n\t\t\t\t\t\t<div class=\"elementor-container elementor-column-gap-default\">\n\t\t\t\t\t<div class=\"elementor-column elementor-col-100 elementor-top-column elementor-element elementor-element-7010dde\" data-id=\"7010dde\" data-element_type=\"column\">\n\t\t\t<div class=\"elementor-widget-wrap elementor-element-populated\">\n\t\t\t\t\t\t\t\t<section class=\"elementor-section elementor-inner-section elementor-element elementor-element-76f0af1 elementor-section-boxed elementor-section-height-default elementor-section-height-default\" data-id=\"76f0af1\" data-element_type=\"section\">\n\t\t\t\t\t\t<div class=\"elementor-container elementor-column-gap-wider\">\n\t\t\t\t\t<div class=\"elementor-column elementor-col-100 elementor-inner-column elementor-element elementor-element-997864d\" data-id=\"997864d\" data-element_type=\"column\">\n\t\t\t<div class=\"elementor-widget-wrap elementor-element-populated\">\n\t\t\t\t\t\t\t\t<div class=\"elementor-element elementor-element-ef8a295 elementor-widget elementor-widget-heading\" data-id=\"ef8a295\" data-element_type=\"widget\" data-widget_type=\"heading.default\">\n\t\t\t\t<div class=\"elementor-widget-container\">\n\t\t\t<h2 class=\"elementor-heading-title elementor-size-default\">Conditions g\u00e9n\u00e9rales<\/h2>\t\t<\/div>\n\t\t\t\t<\/div>\n\t\t\t\t<div class=\"elementor-element elementor-element-cf37528 elementor-widget elementor-widget-spacer\" data-id=\"cf37528\" data-element_type=\"widget\" data-widget_type=\"spacer.default\">\n\t\t\t\t<div class=\"elementor-widget-container\">\n\t\t\t\t\t<div class=\"elementor-spacer\">\n\t\t\t<div class=\"elementor-spacer-inner\"><\/div>\n\t\t<\/div>\n\t\t\t\t<\/div>\n\t\t\t\t<\/div>\n\t\t\t\t<div class=\"elementor-element elementor-element-b6fb6d7 elementor-widget elementor-widget-text-editor\" data-id=\"b6fb6d7\" data-element_type=\"widget\" data-widget_type=\"text-editor.default\">\n\t\t\t\t<div class=\"elementor-widget-container\">\n\t\t\t\t\t\t\t<p>Arriv\u00e9e \u00e0 partir de 13h00<br \/>D\u00e9part avant 11h00<br \/>Nous ne disposons pas de lits b\u00e9b\u00e9 ni de lits d&#8217;appoint.<br \/>Les animaux ne sont pas accept\u00e9s.<br \/>Seulment les adultes. Jeunes, \u00e0 partir de 12 ans.<\/p><p>Il est interdit de fumer dans ce logement.<br \/>Les annulations peuvent \u00eatre effectu\u00e9es jusqu&#8217;\u00e0 2 jours avant la date d&#8217;arriv\u00e9e.<\/p>\t\t\t\t\t\t<\/div>\n\t\t\t\t<\/div>\n\t\t\t\t<div class=\"elementor-element elementor-element-42cbdc1 elementor-widget elementor-widget-spacer\" data-id=\"42cbdc1\" data-element_type=\"widget\" data-widget_type=\"spacer.default\">\n\t\t\t\t<div class=\"elementor-widget-container\">\n\t\t\t\t\t<div class=\"elementor-spacer\">\n\t\t\t<div class=\"elementor-spacer-inner\"><\/div>\n\t\t<\/div>\n\t\t\t\t<\/div>\n\t\t\t\t<\/div>\n\t\t\t\t<div class=\"elementor-element elementor-element-e004b61 elementor-widget elementor-widget-heading\" data-id=\"e004b61\" data-element_type=\"widget\" data-widget_type=\"heading.default\">\n\t\t\t\t<div class=\"elementor-widget-container\">\n\t\t\t<h2 class=\"elementor-heading-title elementor-size-default\">Politique d'annulation<\/h2>\t\t<\/div>\n\t\t\t\t<\/div>\n\t\t\t\t<div class=\"elementor-element elementor-element-855b947 elementor-widget elementor-widget-spacer\" data-id=\"855b947\" data-element_type=\"widget\" data-widget_type=\"spacer.default\">\n\t\t\t\t<div class=\"elementor-widget-container\">\n\t\t\t\t\t<div class=\"elementor-spacer\">\n\t\t\t<div class=\"elementor-spacer-inner\"><\/div>\n\t\t<\/div>\n\t\t\t\t<\/div>\n\t\t\t\t<\/div>\n\t\t\t\t<div class=\"elementor-element elementor-element-cb6adf4 elementor-widget elementor-widget-text-editor\" data-id=\"cb6adf4\" data-element_type=\"widget\" data-widget_type=\"text-editor.default\">\n\t\t\t\t<div class=\"elementor-widget-container\">\n\t\t\t\t\t\t\t<p><strong>Tarif Standard :<\/strong> Si vous annulez 2 jours avant l&#8217;arriv\u00e9e : Annulations 2 jours avant l&#8217;arriv\u00e9e et Noshow : 100% du s\u00e9jour<\/p><p>\u00a0<\/p><p><strong>Tarif non remboursable :<\/strong> 100% du s\u00e9jour sera factur\u00e9 au moment de la confirmation de la r\u00e9servation. Aucune modification ou annulation n\u2019est autoris\u00e9e et ce n\u2019est pas remboursable.<\/p>\t\t\t\t\t\t<\/div>\n\t\t\t\t<\/div>\n\t\t\t\t<div class=\"elementor-element elementor-element-b2f52b7 elementor-widget elementor-widget-spacer\" data-id=\"b2f52b7\" data-element_type=\"widget\" data-widget_type=\"spacer.default\">\n\t\t\t\t<div class=\"elementor-widget-container\">\n\t\t\t\t\t<div class=\"elementor-spacer\">\n\t\t\t<div class=\"elementor-spacer-inner\"><\/div>\n\t\t<\/div>\n\t\t\t\t<\/div>\n\t\t\t\t<\/div>\n\t\t\t\t<div class=\"elementor-element elementor-element-6adf236 elementor-widget elementor-widget-spacer\" data-id=\"6adf236\" data-element_type=\"widget\" data-widget_type=\"spacer.default\">\n\t\t\t\t<div class=\"elementor-widget-container\">\n\t\t\t\t\t<div class=\"elementor-spacer\">\n\t\t\t<div class=\"elementor-spacer-inner\"><\/div>\n\t\t<\/div>\n\t\t\t\t<\/div>\n\t\t\t\t<\/div>\n\t\t\t\t\t<\/div>\n\t\t<\/div>\n\t\t\t\t\t\t\t<\/div>\n\t\t<\/section>\n\t\t\t\t\t<\/div>\n\t\t<\/div>\n\t\t\t\t\t\t\t<\/div>\n\t\t<\/section>\n\t\t\t\t\t\t\t<\/div>\n\t\t","protected":false},"excerpt":{"rendered":"<p>R\u00c9SERVATION DE CHAMBRES \u00c0 PETIT BINIARAIX ROOMS BOUTIQUE Conditions de r\u00e9serve Conditions g\u00e9n\u00e9rales Arriv\u00e9e \u00e0 partir de 13h00D\u00e9part avant 11h00Nous ne disposons pas de lits b\u00e9b\u00e9 ni de lits d&#8217;appoint.Les animaux ne sont pas accept\u00e9s.Seulment les adultes. Jeunes, \u00e0 partir de 12 ans. Il est interdit de fumer dans ce logement.Les annulations peuvent \u00eatre effectu\u00e9es [&hellip;]<\/p>\n","protected":false},"author":1,"featured_media":0,"parent":0,"menu_order":0,"comment_status":"closed","ping_status":"closed","template":"page-interior.php","meta":{"inline_featured_image":false,"footnotes":""},"class_list":["post-2270","page","type-page","status-publish","hentry"],"yoast_head":"<!-- This site is optimized with the Yoast SEO plugin v20.5 - https:\/\/yoast.com\/wordpress\/plugins\/seo\/ -->\n<title>PETIT BINIARAIX Rooms Boutique | Conditions de r\u00e9servation<\/title>\n<meta name=\"robots\" content=\"index, follow, max-snippet:-1, max-image-preview:large, max-video-preview:-1\" \/>\n<link rel=\"canonical\" href=\"https:\/\/petitbiniaraix.com\/fr\/conditions-de-reservation\/\" \/>\n<meta property=\"og:locale\" content=\"fr_FR\" \/>\n<meta property=\"og:type\" content=\"article\" \/>\n<meta property=\"og:title\" content=\"PETIT BINIARAIX Rooms Boutique | Conditions de r\u00e9servation\" \/>\n<meta property=\"og:description\" content=\"R\u00c9SERVATION DE CHAMBRES \u00c0 PETIT BINIARAIX ROOMS BOUTIQUE Conditions de r\u00e9serve Conditions g\u00e9n\u00e9rales Arriv\u00e9e \u00e0 partir de 13h00D\u00e9part avant 11h00Nous ne disposons pas de lits b\u00e9b\u00e9 ni de lits d&#8217;appoint.Les animaux ne sont pas accept\u00e9s.Seulment les adultes. Jeunes, \u00e0 partir de 12 ans. Il est interdit de fumer dans ce logement.Les annulations peuvent \u00eatre effectu\u00e9es [&hellip;]\" \/>\n<meta property=\"og:url\" content=\"https:\/\/petitbiniaraix.com\/fr\/conditions-de-reservation\/\" \/>\n<meta property=\"og:site_name\" content=\"Petit Biniaraix\" \/>\n<meta property=\"article:modified_time\" content=\"2024-11-29T09:18:28+00:00\" \/>\n<meta name=\"twitter:card\" content=\"summary_large_image\" \/>\n<meta name=\"twitter:label1\" content=\"Dur\u00e9e de lecture estim\u00e9e\" \/>\n\t<meta name=\"twitter:data1\" content=\"1 minute\" \/>\n<script type=\"application\/ld+json\" class=\"yoast-schema-graph\">{\"@context\":\"https:\/\/schema.org\",\"@graph\":[{\"@type\":\"WebPage\",\"@id\":\"https:\/\/petitbiniaraix.com\/fr\/conditions-de-reservation\/\",\"url\":\"https:\/\/petitbiniaraix.com\/fr\/conditions-de-reservation\/\",\"name\":\"PETIT BINIARAIX Rooms Boutique | Conditions de r\u00e9servation\",\"isPartOf\":{\"@id\":\"https:\/\/petitbiniaraix.com\/fr\/#website\"},\"datePublished\":\"2021-10-08T10:23:48+00:00\",\"dateModified\":\"2024-11-29T09:18:28+00:00\",\"breadcrumb\":{\"@id\":\"https:\/\/petitbiniaraix.com\/fr\/conditions-de-reservation\/#breadcrumb\"},\"inLanguage\":\"fr-FR\",\"potentialAction\":[{\"@type\":\"ReadAction\",\"target\":[\"https:\/\/petitbiniaraix.com\/fr\/conditions-de-reservation\/\"]}]},{\"@type\":\"BreadcrumbList\",\"@id\":\"https:\/\/petitbiniaraix.com\/fr\/conditions-de-reservation\/#breadcrumb\",\"itemListElement\":[{\"@type\":\"ListItem\",\"position\":1,\"name\":\"Portada\",\"item\":\"https:\/\/petitbiniaraix.com\/fr\/\"},{\"@type\":\"ListItem\",\"position\":2,\"name\":\"Conditions de r\u00e9servation\"}]},{\"@type\":\"WebSite\",\"@id\":\"https:\/\/petitbiniaraix.com\/fr\/#website\",\"url\":\"https:\/\/petitbiniaraix.com\/fr\/\",\"name\":\"Petit Biniaraix\",\"description\":\"Rooms Boutique\",\"publisher\":{\"@id\":\"https:\/\/petitbiniaraix.com\/fr\/#organization\"},\"potentialAction\":[{\"@type\":\"SearchAction\",\"target\":{\"@type\":\"EntryPoint\",\"urlTemplate\":\"https:\/\/petitbiniaraix.com\/fr\/?s={search_term_string}\"},\"query-input\":\"required name=search_term_string\"}],\"inLanguage\":\"fr-FR\"},{\"@type\":\"Organization\",\"@id\":\"https:\/\/petitbiniaraix.com\/fr\/#organization\",\"name\":\"Menditzu\",\"url\":\"https:\/\/petitbiniaraix.com\/fr\/\",\"logo\":{\"@type\":\"ImageObject\",\"inLanguage\":\"fr-FR\",\"@id\":\"https:\/\/petitbiniaraix.com\/fr\/#\/schema\/logo\/image\/\",\"url\":\"https:\/\/petitbiniaraix.com\/wp-content\/uploads\/2021\/06\/logo-entero.svg\",\"contentUrl\":\"https:\/\/petitbiniaraix.com\/wp-content\/uploads\/2021\/06\/logo-entero.svg\",\"width\":\"1024\",\"height\":\"1024\",\"caption\":\"Menditzu\"},\"image\":{\"@id\":\"https:\/\/petitbiniaraix.com\/fr\/#\/schema\/logo\/image\/\"}}]}<\/script>\n<!-- \/ Yoast SEO plugin. -->","yoast_head_json":{"title":"PETIT BINIARAIX Rooms Boutique | Conditions de r\u00e9servation","robots":{"index":"index","follow":"follow","max-snippet":"max-snippet:-1","max-image-preview":"max-image-preview:large","max-video-preview":"max-video-preview:-1"},"canonical":"https:\/\/petitbiniaraix.com\/fr\/conditions-de-reservation\/","og_locale":"fr_FR","og_type":"article","og_title":"PETIT BINIARAIX Rooms Boutique | Conditions de r\u00e9servation","og_description":"R\u00c9SERVATION DE CHAMBRES \u00c0 PETIT BINIARAIX ROOMS BOUTIQUE Conditions de r\u00e9serve Conditions g\u00e9n\u00e9rales Arriv\u00e9e \u00e0 partir de 13h00D\u00e9part avant 11h00Nous ne disposons pas de lits b\u00e9b\u00e9 ni de lits d&#8217;appoint.Les animaux ne sont pas accept\u00e9s.Seulment les adultes. Jeunes, \u00e0 partir de 12 ans. Il est interdit de fumer dans ce logement.Les annulations peuvent \u00eatre effectu\u00e9es [&hellip;]","og_url":"https:\/\/petitbiniaraix.com\/fr\/conditions-de-reservation\/","og_site_name":"Petit Biniaraix","article_modified_time":"2024-11-29T09:18:28+00:00","twitter_card":"summary_large_image","twitter_misc":{"Dur\u00e9e de lecture estim\u00e9e":"1 minute"},"schema":{"@context":"https:\/\/schema.org","@graph":[{"@type":"WebPage","@id":"https:\/\/petitbiniaraix.com\/fr\/conditions-de-reservation\/","url":"https:\/\/petitbiniaraix.com\/fr\/conditions-de-reservation\/","name":"PETIT BINIARAIX Rooms Boutique | Conditions de r\u00e9servation","isPartOf":{"@id":"https:\/\/petitbiniaraix.com\/fr\/#website"},"datePublished":"2021-10-08T10:23:48+00:00","dateModified":"2024-11-29T09:18:28+00:00","breadcrumb":{"@id":"https:\/\/petitbiniaraix.com\/fr\/conditions-de-reservation\/#breadcrumb"},"inLanguage":"fr-FR","potentialAction":[{"@type":"ReadAction","target":["https:\/\/petitbiniaraix.com\/fr\/conditions-de-reservation\/"]}]},{"@type":"BreadcrumbList","@id":"https:\/\/petitbiniaraix.com\/fr\/conditions-de-reservation\/#breadcrumb","itemListElement":[{"@type":"ListItem","position":1,"name":"Portada","item":"https:\/\/petitbiniaraix.com\/fr\/"},{"@type":"ListItem","position":2,"name":"Conditions de r\u00e9servation"}]},{"@type":"WebSite","@id":"https:\/\/petitbiniaraix.com\/fr\/#website","url":"https:\/\/petitbiniaraix.com\/fr\/","name":"Petit Biniaraix","description":"Rooms Boutique","publisher":{"@id":"https:\/\/petitbiniaraix.com\/fr\/#organization"},"potentialAction":[{"@type":"SearchAction","target":{"@type":"EntryPoint","urlTemplate":"https:\/\/petitbiniaraix.com\/fr\/?s={search_term_string}"},"query-input":"required name=search_term_string"}],"inLanguage":"fr-FR"},{"@type":"Organization","@id":"https:\/\/petitbiniaraix.com\/fr\/#organization","name":"Menditzu","url":"https:\/\/petitbiniaraix.com\/fr\/","logo":{"@type":"ImageObject","inLanguage":"fr-FR","@id":"https:\/\/petitbiniaraix.com\/fr\/#\/schema\/logo\/image\/","url":"https:\/\/petitbiniaraix.com\/wp-content\/uploads\/2021\/06\/logo-entero.svg","contentUrl":"https:\/\/petitbiniaraix.com\/wp-content\/uploads\/2021\/06\/logo-entero.svg","width":"1024","height":"1024","caption":"Menditzu"},"image":{"@id":"https:\/\/petitbiniaraix.com\/fr\/#\/schema\/logo\/image\/"}}]}},"_links":{"self":[{"href":"https:\/\/petitbiniaraix.com\/fr\/wp-json\/wp\/v2\/pages\/2270","targetHints":{"allow":["GET"]}}],"collection":[{"href":"https:\/\/petitbiniaraix.com\/fr\/wp-json\/wp\/v2\/pages"}],"about":[{"href":"https:\/\/petitbiniaraix.com\/fr\/wp-json\/wp\/v2\/types\/page"}],"author":[{"embeddable":true,"href":"https:\/\/petitbiniaraix.com\/fr\/wp-json\/wp\/v2\/users\/1"}],"replies":[{"embeddable":true,"href":"https:\/\/petitbiniaraix.com\/fr\/wp-json\/wp\/v2\/comments?post=2270"}],"version-history":[{"count":40,"href":"https:\/\/petitbiniaraix.com\/fr\/wp-json\/wp\/v2\/pages\/2270\/revisions"}],"predecessor-version":[{"id":5324,"href":"https:\/\/petitbiniaraix.com\/fr\/wp-json\/wp\/v2\/pages\/2270\/revisions\/5324"}],"wp:attachment":[{"href":"https:\/\/petitbiniaraix.com\/fr\/wp-json\/wp\/v2\/media?parent=2270"}],"curies":[{"name":"wp","href":"https:\/\/api.w.org\/{rel}","templated":true}]}}