{"id":2271,"date":"2021-10-08T10:23:48","date_gmt":"2021-10-08T10:23:48","guid":{"rendered":"https:\/\/menditzurooms.com\/condiciones-de-la-reserva\/"},"modified":"2024-11-29T10:17:56","modified_gmt":"2024-11-29T09:17:56","slug":"buchungsbedingungen","status":"publish","type":"page","link":"https:\/\/petitbiniaraix.com\/de\/buchungsbedingungen\/","title":{"rendered":"Buchungsbedingungen"},"content":{"rendered":"\t\t<div data-elementor-type=\"wp-page\" data-elementor-id=\"2271\" class=\"elementor elementor-2271 elementor-2254\">\n\t\t\t\t\t\t\t\t\t<section class=\"elementor-section elementor-top-section elementor-element elementor-element-a85d1c7 elementor-section-full_width elementor-section-height-min-height elementor-section-height-default elementor-section-items-middle\" data-id=\"a85d1c7\" data-element_type=\"section\" data-settings=\"{&quot;background_background&quot;:&quot;classic&quot;}\">\n\t\t\t\t\t\t\t<div class=\"elementor-background-overlay\"><\/div>\n\t\t\t\t\t\t\t<div class=\"elementor-container elementor-column-gap-default\">\n\t\t\t\t\t<div class=\"elementor-column elementor-col-100 elementor-top-column elementor-element elementor-element-76bf1ae\" data-id=\"76bf1ae\" data-element_type=\"column\" data-settings=\"{&quot;background_background&quot;:&quot;classic&quot;}\">\n\t\t\t<div class=\"elementor-widget-wrap elementor-element-populated\">\n\t\t\t\t\t\t\t\t<div class=\"elementor-element elementor-element-2802eef elementor-widget elementor-widget-heading\" data-id=\"2802eef\" data-element_type=\"widget\" data-widget_type=\"heading.default\">\n\t\t\t\t<div class=\"elementor-widget-container\">\n\t\t\t<div class=\"elementor-heading-title elementor-size-default\">RESERVIERUNG BEI PETIT BINIARAIX ROOMS BOUTIQUE<\/div>\t\t<\/div>\n\t\t\t\t<\/div>\n\t\t\t\t<div class=\"elementor-element elementor-element-62e6dc1 elementor-widget elementor-widget-heading\" data-id=\"62e6dc1\" data-element_type=\"widget\" data-widget_type=\"heading.default\">\n\t\t\t\t<div class=\"elementor-widget-container\">\n\t\t\t<h2 class=\"elementor-heading-title elementor-size-default\">Reservierungsbedingungen<\/h2>\t\t<\/div>\n\t\t\t\t<\/div>\n\t\t\t\t\t<\/div>\n\t\t<\/div>\n\t\t\t\t\t\t\t<\/div>\n\t\t<\/section>\n\t\t\t\t<section class=\"elementor-section elementor-top-section elementor-element elementor-element-32cab2a elementor-section-full_width elementor-section-height-default elementor-section-height-default\" data-id=\"32cab2a\" data-element_type=\"section\">\n\t\t\t\t\t\t<div class=\"elementor-container elementor-column-gap-default\">\n\t\t\t\t\t<div class=\"elementor-column elementor-col-100 elementor-top-column elementor-element elementor-element-7010dde\" data-id=\"7010dde\" data-element_type=\"column\">\n\t\t\t<div class=\"elementor-widget-wrap elementor-element-populated\">\n\t\t\t\t\t\t\t\t<section class=\"elementor-section elementor-inner-section elementor-element elementor-element-76f0af1 elementor-section-boxed elementor-section-height-default elementor-section-height-default\" data-id=\"76f0af1\" data-element_type=\"section\">\n\t\t\t\t\t\t<div class=\"elementor-container elementor-column-gap-wider\">\n\t\t\t\t\t<div class=\"elementor-column elementor-col-100 elementor-inner-column elementor-element elementor-element-997864d\" data-id=\"997864d\" data-element_type=\"column\">\n\t\t\t<div class=\"elementor-widget-wrap elementor-element-populated\">\n\t\t\t\t\t\t\t\t<div class=\"elementor-element elementor-element-ef8a295 elementor-widget elementor-widget-heading\" data-id=\"ef8a295\" data-element_type=\"widget\" data-widget_type=\"heading.default\">\n\t\t\t\t<div class=\"elementor-widget-container\">\n\t\t\t<h2 class=\"elementor-heading-title elementor-size-default\">Allgemeine Bedingungen<\/h2>\t\t<\/div>\n\t\t\t\t<\/div>\n\t\t\t\t<div class=\"elementor-element elementor-element-cf37528 elementor-widget elementor-widget-spacer\" data-id=\"cf37528\" data-element_type=\"widget\" data-widget_type=\"spacer.default\">\n\t\t\t\t<div class=\"elementor-widget-container\">\n\t\t\t\t\t<div class=\"elementor-spacer\">\n\t\t\t<div class=\"elementor-spacer-inner\"><\/div>\n\t\t<\/div>\n\t\t\t\t<\/div>\n\t\t\t\t<\/div>\n\t\t\t\t<div class=\"elementor-element elementor-element-b6fb6d7 elementor-widget elementor-widget-text-editor\" data-id=\"b6fb6d7\" data-element_type=\"widget\" data-widget_type=\"text-editor.default\">\n\t\t\t\t<div class=\"elementor-widget-container\">\n\t\t\t\t\t\t\t<p>Check-in ab 13:00 Uhr<br \/>Check-out vor 11:00 Uhr<br \/>Wir haben keine Babybetten oder Zustellbetten.<br \/>Haustiere sind nicht erlaubt.<br \/>Nur Erwachsene. Jugendliche ab 12 Jahren.<br \/>Rauchen ist in dieser Unterkunft nicht gestattet.<br \/>Stornierungen k\u00f6nnen bis 2 Tage vor Anreisedatum erfolgen.<\/p>\t\t\t\t\t\t<\/div>\n\t\t\t\t<\/div>\n\t\t\t\t<div class=\"elementor-element elementor-element-42cbdc1 elementor-widget elementor-widget-spacer\" data-id=\"42cbdc1\" data-element_type=\"widget\" data-widget_type=\"spacer.default\">\n\t\t\t\t<div class=\"elementor-widget-container\">\n\t\t\t\t\t<div class=\"elementor-spacer\">\n\t\t\t<div class=\"elementor-spacer-inner\"><\/div>\n\t\t<\/div>\n\t\t\t\t<\/div>\n\t\t\t\t<\/div>\n\t\t\t\t<div class=\"elementor-element elementor-element-e004b61 elementor-widget elementor-widget-heading\" data-id=\"e004b61\" data-element_type=\"widget\" data-widget_type=\"heading.default\">\n\t\t\t\t<div class=\"elementor-widget-container\">\n\t\t\t<h2 class=\"elementor-heading-title elementor-size-default\">Stornierungsbedingungen<\/h2>\t\t<\/div>\n\t\t\t\t<\/div>\n\t\t\t\t<div class=\"elementor-element elementor-element-855b947 elementor-widget elementor-widget-spacer\" data-id=\"855b947\" data-element_type=\"widget\" data-widget_type=\"spacer.default\">\n\t\t\t\t<div class=\"elementor-widget-container\">\n\t\t\t\t\t<div class=\"elementor-spacer\">\n\t\t\t<div class=\"elementor-spacer-inner\"><\/div>\n\t\t<\/div>\n\t\t\t\t<\/div>\n\t\t\t\t<\/div>\n\t\t\t\t<div class=\"elementor-element elementor-element-cb6adf4 elementor-widget elementor-widget-text-editor\" data-id=\"cb6adf4\" data-element_type=\"widget\" data-widget_type=\"text-editor.default\">\n\t\t\t\t<div class=\"elementor-widget-container\">\n\t\t\t\t\t\t\t<p><strong>Standardpreis:<\/strong> Bei Stornierung 2 Tage vor Anreise: Stornierungen 2 Tage vor Anreise und Nichterscheinen: 100 % des Aufenthaltspreises<\/p><p>\u00a0<\/p><p><strong>Nicht erstattungsf\u00e4higer Preis:<\/strong> 100 % des Aufenthaltspreises werden zum Zeitpunkt der Reservierungsbest\u00e4tigung berechnet. \u00c4nderungen oder Stornierungen sind nicht zul\u00e4ssig und der Preis ist nicht erstattungsf\u00e4hig.<\/p>\t\t\t\t\t\t<\/div>\n\t\t\t\t<\/div>\n\t\t\t\t<div class=\"elementor-element elementor-element-b2f52b7 elementor-widget elementor-widget-spacer\" data-id=\"b2f52b7\" data-element_type=\"widget\" data-widget_type=\"spacer.default\">\n\t\t\t\t<div class=\"elementor-widget-container\">\n\t\t\t\t\t<div class=\"elementor-spacer\">\n\t\t\t<div class=\"elementor-spacer-inner\"><\/div>\n\t\t<\/div>\n\t\t\t\t<\/div>\n\t\t\t\t<\/div>\n\t\t\t\t<div class=\"elementor-element elementor-element-6adf236 elementor-widget elementor-widget-spacer\" data-id=\"6adf236\" data-element_type=\"widget\" data-widget_type=\"spacer.default\">\n\t\t\t\t<div class=\"elementor-widget-container\">\n\t\t\t\t\t<div class=\"elementor-spacer\">\n\t\t\t<div class=\"elementor-spacer-inner\"><\/div>\n\t\t<\/div>\n\t\t\t\t<\/div>\n\t\t\t\t<\/div>\n\t\t\t\t\t<\/div>\n\t\t<\/div>\n\t\t\t\t\t\t\t<\/div>\n\t\t<\/section>\n\t\t\t\t\t<\/div>\n\t\t<\/div>\n\t\t\t\t\t\t\t<\/div>\n\t\t<\/section>\n\t\t\t\t\t\t\t<\/div>\n\t\t","protected":false},"excerpt":{"rendered":"<p>RESERVIERUNG BEI PETIT BINIARAIX ROOMS BOUTIQUE Reservierungsbedingungen Allgemeine Bedingungen Check-in ab 13:00 UhrCheck-out vor 11:00 UhrWir haben keine Babybetten oder Zustellbetten.Haustiere sind nicht erlaubt.Nur Erwachsene. Jugendliche ab 12 Jahren.Rauchen ist in dieser Unterkunft nicht gestattet.Stornierungen k\u00f6nnen bis 2 Tage vor Anreisedatum erfolgen. Stornierungsbedingungen Standardpreis: Bei Stornierung 2 Tage vor Anreise: Stornierungen 2 Tage vor Anreise [&hellip;]<\/p>\n","protected":false},"author":1,"featured_media":0,"parent":0,"menu_order":0,"comment_status":"closed","ping_status":"closed","template":"page-interior.php","meta":{"inline_featured_image":false,"footnotes":""},"class_list":["post-2271","page","type-page","status-publish","hentry"],"yoast_head":"<!-- This site is optimized with the Yoast SEO plugin v20.5 - https:\/\/yoast.com\/wordpress\/plugins\/seo\/ -->\n<title>PETIT BINIARAIX Rooms Boutique | Buchungsbedingungen<\/title>\n<meta name=\"robots\" content=\"index, follow, max-snippet:-1, max-image-preview:large, max-video-preview:-1\" \/>\n<link rel=\"canonical\" href=\"https:\/\/petitbiniaraix.com\/de\/buchungsbedingungen\/\" \/>\n<meta property=\"og:locale\" content=\"de_DE\" \/>\n<meta property=\"og:type\" content=\"article\" \/>\n<meta property=\"og:title\" content=\"PETIT BINIARAIX Rooms Boutique | Buchungsbedingungen\" \/>\n<meta property=\"og:description\" content=\"RESERVIERUNG BEI PETIT BINIARAIX ROOMS BOUTIQUE Reservierungsbedingungen Allgemeine Bedingungen Check-in ab 13:00 UhrCheck-out vor 11:00 UhrWir haben keine Babybetten oder Zustellbetten.Haustiere sind nicht erlaubt.Nur Erwachsene. Jugendliche ab 12 Jahren.Rauchen ist in dieser Unterkunft nicht gestattet.Stornierungen k\u00f6nnen bis 2 Tage vor Anreisedatum erfolgen. Stornierungsbedingungen Standardpreis: Bei Stornierung 2 Tage vor Anreise: Stornierungen 2 Tage vor Anreise [&hellip;]\" \/>\n<meta property=\"og:url\" content=\"https:\/\/petitbiniaraix.com\/de\/buchungsbedingungen\/\" \/>\n<meta property=\"og:site_name\" content=\"Petit Biniaraix\" \/>\n<meta property=\"article:modified_time\" content=\"2024-11-29T09:17:56+00:00\" \/>\n<meta name=\"twitter:card\" content=\"summary_large_image\" \/>\n<meta name=\"twitter:label1\" content=\"Gesch\u00e4tzte Lesezeit\" \/>\n\t<meta name=\"twitter:data1\" content=\"1\u00a0Minute\" \/>\n<script type=\"application\/ld+json\" class=\"yoast-schema-graph\">{\"@context\":\"https:\/\/schema.org\",\"@graph\":[{\"@type\":\"WebPage\",\"@id\":\"https:\/\/petitbiniaraix.com\/de\/buchungsbedingungen\/\",\"url\":\"https:\/\/petitbiniaraix.com\/de\/buchungsbedingungen\/\",\"name\":\"PETIT BINIARAIX Rooms Boutique | Buchungsbedingungen\",\"isPartOf\":{\"@id\":\"https:\/\/petitbiniaraix.com\/de\/#website\"},\"datePublished\":\"2021-10-08T10:23:48+00:00\",\"dateModified\":\"2024-11-29T09:17:56+00:00\",\"breadcrumb\":{\"@id\":\"https:\/\/petitbiniaraix.com\/de\/buchungsbedingungen\/#breadcrumb\"},\"inLanguage\":\"de\",\"potentialAction\":[{\"@type\":\"ReadAction\",\"target\":[\"https:\/\/petitbiniaraix.com\/de\/buchungsbedingungen\/\"]}]},{\"@type\":\"BreadcrumbList\",\"@id\":\"https:\/\/petitbiniaraix.com\/de\/buchungsbedingungen\/#breadcrumb\",\"itemListElement\":[{\"@type\":\"ListItem\",\"position\":1,\"name\":\"Portada\",\"item\":\"https:\/\/petitbiniaraix.com\/de\/\"},{\"@type\":\"ListItem\",\"position\":2,\"name\":\"Buchungsbedingungen\"}]},{\"@type\":\"WebSite\",\"@id\":\"https:\/\/petitbiniaraix.com\/de\/#website\",\"url\":\"https:\/\/petitbiniaraix.com\/de\/\",\"name\":\"Petit Biniaraix\",\"description\":\"Rooms Boutique\",\"publisher\":{\"@id\":\"https:\/\/petitbiniaraix.com\/de\/#organization\"},\"potentialAction\":[{\"@type\":\"SearchAction\",\"target\":{\"@type\":\"EntryPoint\",\"urlTemplate\":\"https:\/\/petitbiniaraix.com\/de\/?s={search_term_string}\"},\"query-input\":\"required name=search_term_string\"}],\"inLanguage\":\"de\"},{\"@type\":\"Organization\",\"@id\":\"https:\/\/petitbiniaraix.com\/de\/#organization\",\"name\":\"Menditzu\",\"url\":\"https:\/\/petitbiniaraix.com\/de\/\",\"logo\":{\"@type\":\"ImageObject\",\"inLanguage\":\"de\",\"@id\":\"https:\/\/petitbiniaraix.com\/de\/#\/schema\/logo\/image\/\",\"url\":\"https:\/\/petitbiniaraix.com\/wp-content\/uploads\/2021\/06\/logo-entero.svg\",\"contentUrl\":\"https:\/\/petitbiniaraix.com\/wp-content\/uploads\/2021\/06\/logo-entero.svg\",\"width\":\"1024\",\"height\":\"1024\",\"caption\":\"Menditzu\"},\"image\":{\"@id\":\"https:\/\/petitbiniaraix.com\/de\/#\/schema\/logo\/image\/\"}}]}<\/script>\n<!-- \/ Yoast SEO plugin. -->","yoast_head_json":{"title":"PETIT BINIARAIX Rooms Boutique | Buchungsbedingungen","robots":{"index":"index","follow":"follow","max-snippet":"max-snippet:-1","max-image-preview":"max-image-preview:large","max-video-preview":"max-video-preview:-1"},"canonical":"https:\/\/petitbiniaraix.com\/de\/buchungsbedingungen\/","og_locale":"de_DE","og_type":"article","og_title":"PETIT BINIARAIX Rooms Boutique | Buchungsbedingungen","og_description":"RESERVIERUNG BEI PETIT BINIARAIX ROOMS BOUTIQUE Reservierungsbedingungen Allgemeine Bedingungen Check-in ab 13:00 UhrCheck-out vor 11:00 UhrWir haben keine Babybetten oder Zustellbetten.Haustiere sind nicht erlaubt.Nur Erwachsene. Jugendliche ab 12 Jahren.Rauchen ist in dieser Unterkunft nicht gestattet.Stornierungen k\u00f6nnen bis 2 Tage vor Anreisedatum erfolgen. Stornierungsbedingungen Standardpreis: Bei Stornierung 2 Tage vor Anreise: Stornierungen 2 Tage vor Anreise [&hellip;]","og_url":"https:\/\/petitbiniaraix.com\/de\/buchungsbedingungen\/","og_site_name":"Petit Biniaraix","article_modified_time":"2024-11-29T09:17:56+00:00","twitter_card":"summary_large_image","twitter_misc":{"Gesch\u00e4tzte Lesezeit":"1\u00a0Minute"},"schema":{"@context":"https:\/\/schema.org","@graph":[{"@type":"WebPage","@id":"https:\/\/petitbiniaraix.com\/de\/buchungsbedingungen\/","url":"https:\/\/petitbiniaraix.com\/de\/buchungsbedingungen\/","name":"PETIT BINIARAIX Rooms Boutique | Buchungsbedingungen","isPartOf":{"@id":"https:\/\/petitbiniaraix.com\/de\/#website"},"datePublished":"2021-10-08T10:23:48+00:00","dateModified":"2024-11-29T09:17:56+00:00","breadcrumb":{"@id":"https:\/\/petitbiniaraix.com\/de\/buchungsbedingungen\/#breadcrumb"},"inLanguage":"de","potentialAction":[{"@type":"ReadAction","target":["https:\/\/petitbiniaraix.com\/de\/buchungsbedingungen\/"]}]},{"@type":"BreadcrumbList","@id":"https:\/\/petitbiniaraix.com\/de\/buchungsbedingungen\/#breadcrumb","itemListElement":[{"@type":"ListItem","position":1,"name":"Portada","item":"https:\/\/petitbiniaraix.com\/de\/"},{"@type":"ListItem","position":2,"name":"Buchungsbedingungen"}]},{"@type":"WebSite","@id":"https:\/\/petitbiniaraix.com\/de\/#website","url":"https:\/\/petitbiniaraix.com\/de\/","name":"Petit Biniaraix","description":"Rooms Boutique","publisher":{"@id":"https:\/\/petitbiniaraix.com\/de\/#organization"},"potentialAction":[{"@type":"SearchAction","target":{"@type":"EntryPoint","urlTemplate":"https:\/\/petitbiniaraix.com\/de\/?s={search_term_string}"},"query-input":"required name=search_term_string"}],"inLanguage":"de"},{"@type":"Organization","@id":"https:\/\/petitbiniaraix.com\/de\/#organization","name":"Menditzu","url":"https:\/\/petitbiniaraix.com\/de\/","logo":{"@type":"ImageObject","inLanguage":"de","@id":"https:\/\/petitbiniaraix.com\/de\/#\/schema\/logo\/image\/","url":"https:\/\/petitbiniaraix.com\/wp-content\/uploads\/2021\/06\/logo-entero.svg","contentUrl":"https:\/\/petitbiniaraix.com\/wp-content\/uploads\/2021\/06\/logo-entero.svg","width":"1024","height":"1024","caption":"Menditzu"},"image":{"@id":"https:\/\/petitbiniaraix.com\/de\/#\/schema\/logo\/image\/"}}]}},"_links":{"self":[{"href":"https:\/\/petitbiniaraix.com\/de\/wp-json\/wp\/v2\/pages\/2271","targetHints":{"allow":["GET"]}}],"collection":[{"href":"https:\/\/petitbiniaraix.com\/de\/wp-json\/wp\/v2\/pages"}],"about":[{"href":"https:\/\/petitbiniaraix.com\/de\/wp-json\/wp\/v2\/types\/page"}],"author":[{"embeddable":true,"href":"https:\/\/petitbiniaraix.com\/de\/wp-json\/wp\/v2\/users\/1"}],"replies":[{"embeddable":true,"href":"https:\/\/petitbiniaraix.com\/de\/wp-json\/wp\/v2\/comments?post=2271"}],"version-history":[{"count":43,"href":"https:\/\/petitbiniaraix.com\/de\/wp-json\/wp\/v2\/pages\/2271\/revisions"}],"predecessor-version":[{"id":5321,"href":"https:\/\/petitbiniaraix.com\/de\/wp-json\/wp\/v2\/pages\/2271\/revisions\/5321"}],"wp:attachment":[{"href":"https:\/\/petitbiniaraix.com\/de\/wp-json\/wp\/v2\/media?parent=2271"}],"curies":[{"name":"wp","href":"https:\/\/api.w.org\/{rel}","templated":true}]}}